{"id":37,"date":"2023-10-17T10:36:42","date_gmt":"2023-10-17T08:36:42","guid":{"rendered":"http:\/\/mamitacosbirrieria.com\/?page_id=37"},"modified":"2023-10-27T13:18:31","modified_gmt":"2023-10-27T11:18:31","slug":"conoceme","status":"publish","type":"page","link":"https:\/\/mamitacosbirrieria.com\/en\/conoceme\/","title":{"rendered":"Con\u00f3ceme"},"content":{"rendered":"<div data-elementor-type=\"wp-page\" data-elementor-id=\"37\" class=\"elementor elementor-37\" data-elementor-post-type=\"page\">\n\t\t\t\t\t\t\t<div class=\"elementor-element elementor-element-9496e3f e-con-full e-flex e-con e-parent\" data-id=\"9496e3f\" data-element_type=\"container\" data-settings=\"{&quot;content_width&quot;:&quot;full&quot;,&quot;background_background&quot;:&quot;classic&quot;,&quot;container_type&quot;:&quot;flex&quot;}\" data-e-bg-lazyload=\"\" data-core-v316-plus=\"true\">\n\t\t<div class=\"elementor-element elementor-element-c9d15a5 e-flex e-con-boxed e-con e-child\" data-id=\"c9d15a5\" data-element_type=\"container\" data-settings=\"{&quot;background_background&quot;:&quot;classic&quot;,&quot;container_type&quot;:&quot;flex&quot;,&quot;content_width&quot;:&quot;boxed&quot;}\">\n\t\t\t\t\t<div class=\"e-con-inner\">\n\t\t<div class=\"elementor-element elementor-element-ade1cd0 e-grid e-con-full e-con e-child\" data-id=\"ade1cd0\" data-element_type=\"container\" data-settings=\"{&quot;container_type&quot;:&quot;grid&quot;,&quot;content_width&quot;:&quot;full&quot;,&quot;grid_rows_grid&quot;:{&quot;unit&quot;:&quot;fr&quot;,&quot;size&quot;:1,&quot;sizes&quot;:[]},&quot;background_background&quot;:&quot;classic&quot;,&quot;grid_outline&quot;:&quot;yes&quot;,&quot;grid_columns_grid&quot;:{&quot;unit&quot;:&quot;fr&quot;,&quot;size&quot;:3,&quot;sizes&quot;:[]},&quot;grid_columns_grid_tablet&quot;:{&quot;unit&quot;:&quot;fr&quot;,&quot;size&quot;:&quot;&quot;,&quot;sizes&quot;:[]},&quot;grid_columns_grid_mobile&quot;:{&quot;unit&quot;:&quot;fr&quot;,&quot;size&quot;:1,&quot;sizes&quot;:[]},&quot;grid_rows_grid_tablet&quot;:{&quot;unit&quot;:&quot;fr&quot;,&quot;size&quot;:&quot;&quot;,&quot;sizes&quot;:[]},&quot;grid_rows_grid_mobile&quot;:{&quot;unit&quot;:&quot;fr&quot;,&quot;size&quot;:&quot;&quot;,&quot;sizes&quot;:[]},&quot;grid_auto_flow&quot;:&quot;row&quot;,&quot;grid_auto_flow_tablet&quot;:&quot;row&quot;,&quot;grid_auto_flow_mobile&quot;:&quot;row&quot;}\">\n\t\t<div class=\"elementor-element elementor-element-8c39d8b e-flex e-con-boxed e-con e-child\" data-id=\"8c39d8b\" data-element_type=\"container\" data-settings=\"{&quot;container_type&quot;:&quot;flex&quot;,&quot;content_width&quot;:&quot;boxed&quot;}\">\n\t\t\t\t\t<div class=\"e-con-inner\">\n\t\t\t\t<div class=\"elementor-element elementor-element-36fa5b6 elementor-widget elementor-widget-image\" data-id=\"36fa5b6\" data-element_type=\"widget\" data-widget_type=\"image.default\">\n\t\t\t\t<div class=\"elementor-widget-container\">\n\t\t\t<style>\/*! elementor - v3.16.0 - 20-09-2023 *\/\n.elementor-widget-image{text-align:center}.elementor-widget-image a{display:inline-block}.elementor-widget-image a img[src$=\".svg\"]{width:48px}.elementor-widget-image img{vertical-align:middle;display:inline-block}<\/style>\t\t\t\t\t\t\t\t\t\t\t\t<img decoding=\"async\" loading=\"lazy\" width=\"378\" height=\"510\" src=\"https:\/\/mamitacosbirrieria.com\/wp-content\/uploads\/2023\/10\/mami-ilustracion.svg\" class=\"attachment-large size-large wp-image-94\" alt=\"\" \/>\t\t\t\t\t\t\t\t\t\t\t\t\t\t\t<\/div>\n\t\t\t\t<\/div>\n\t\t\t\t\t<\/div>\n\t\t\t\t<\/div>\n\t\t<div class=\"elementor-element elementor-element-c2816ed e-flex e-con-boxed e-con e-child\" data-id=\"c2816ed\" data-element_type=\"container\" data-settings=\"{&quot;container_type&quot;:&quot;flex&quot;,&quot;content_width&quot;:&quot;boxed&quot;}\">\n\t\t\t\t\t<div class=\"e-con-inner\">\n\t\t\t\t<div class=\"elementor-element elementor-element-4b3232a elementor-widget elementor-widget-image\" data-id=\"4b3232a\" data-element_type=\"widget\" data-widget_type=\"image.default\">\n\t\t\t\t<div class=\"elementor-widget-container\">\n\t\t\t\t\t\t\t\t\t\t\t\t\t\t\t<img decoding=\"async\" loading=\"lazy\" width=\"567\" height=\"402\" src=\"http:\/\/mamitacosbirrieria.com\/wp-content\/uploads\/2026\/01\/Recurso-21-1-ingles.svg\" class=\"attachment-large size-large wp-image-1180\" alt=\"\" sizes=\"(max-width: 567px) 100vw, 567px\" \/>\t\t\t\t\t\t\t\t\t\t\t\t\t\t\t<\/div>\n\t\t\t\t<\/div>\n\t\t\t\t<div class=\"elementor-element elementor-element-0e6c33a elementor-widget elementor-widget-text-editor\" data-id=\"0e6c33a\" data-element_type=\"widget\" data-widget_type=\"text-editor.default\">\n\t\t\t\t<div class=\"elementor-widget-container\">\n\t\t\t<style>\/*! elementor - v3.16.0 - 20-09-2023 *\/\n.elementor-widget-text-editor.elementor-drop-cap-view-stacked .elementor-drop-cap{background-color:#69727d;color:#fff}.elementor-widget-text-editor.elementor-drop-cap-view-framed .elementor-drop-cap{color:#69727d;border:3px solid;background-color:transparent}.elementor-widget-text-editor:not(.elementor-drop-cap-view-default) .elementor-drop-cap{margin-top:8px}.elementor-widget-text-editor:not(.elementor-drop-cap-view-default) .elementor-drop-cap-letter{width:1em;height:1em}.elementor-widget-text-editor .elementor-drop-cap{float:left;text-align:center;line-height:1;font-size:50px}.elementor-widget-text-editor .elementor-drop-cap-letter{display:inline-block}<\/style>\t\t\t\t<p>From <strong>Mexico to Madrid<\/strong> I\u2019m coming in to heal the soul and the heart with Mom\u2019s original recipe. Come on in, my son \u2014 are you hungry? Try it, I\u2019ve got the best of both worlds: <strong>taco and broth. <\/strong><\/p>\t\t\t\t\t\t<\/div>\n\t\t\t\t<\/div>\n\t\t\t\t\t<\/div>\n\t\t\t\t<\/div>\n\t\t<div class=\"elementor-element elementor-element-6160ed7 e-flex e-con-boxed e-con e-child\" data-id=\"6160ed7\" data-element_type=\"container\" data-settings=\"{&quot;container_type&quot;:&quot;flex&quot;,&quot;content_width&quot;:&quot;boxed&quot;}\">\n\t\t\t\t\t<div class=\"e-con-inner\">\n\t\t\t\t<div class=\"elementor-element elementor-element-cbf9de7 elementor-absolute elementor-widget elementor-widget-image\" data-id=\"cbf9de7\" data-element_type=\"widget\" data-settings=\"{&quot;_position&quot;:&quot;absolute&quot;,&quot;motion_fx_motion_fx_scrolling&quot;:&quot;yes&quot;,&quot;motion_fx_translateY_effect&quot;:&quot;yes&quot;,&quot;motion_fx_translateY_speed&quot;:{&quot;unit&quot;:&quot;px&quot;,&quot;size&quot;:2.7,&quot;sizes&quot;:[]},&quot;motion_fx_translateX_effect&quot;:&quot;yes&quot;,&quot;motion_fx_translateX_speed&quot;:{&quot;unit&quot;:&quot;px&quot;,&quot;size&quot;:3,&quot;sizes&quot;:[]},&quot;motion_fx_translateX_affectedRange&quot;:{&quot;unit&quot;:&quot;%&quot;,&quot;size&quot;:&quot;&quot;,&quot;sizes&quot;:{&quot;start&quot;:0,&quot;end&quot;:80}},&quot;motion_fx_scale_effect&quot;:&quot;yes&quot;,&quot;motion_fx_scale_speed&quot;:{&quot;unit&quot;:&quot;px&quot;,&quot;size&quot;:3,&quot;sizes&quot;:[]},&quot;motion_fx_scale_range&quot;:{&quot;unit&quot;:&quot;%&quot;,&quot;size&quot;:&quot;&quot;,&quot;sizes&quot;:{&quot;start&quot;:80,&quot;end&quot;:100}},&quot;motion_fx_translateY_affectedRange&quot;:{&quot;unit&quot;:&quot;%&quot;,&quot;size&quot;:&quot;&quot;,&quot;sizes&quot;:{&quot;start&quot;:0,&quot;end&quot;:100}},&quot;motion_fx_scale_direction&quot;:&quot;out-in&quot;,&quot;motion_fx_devices&quot;:[&quot;desktop&quot;,&quot;tablet&quot;,&quot;mobile&quot;]}\" data-widget_type=\"image.default\">\n\t\t\t\t<div class=\"elementor-widget-container\">\n\t\t\t\t\t\t\t\t\t\t\t\t\t\t\t<img decoding=\"async\" loading=\"lazy\" width=\"256\" height=\"148\" src=\"https:\/\/mamitacosbirrieria.com\/wp-content\/uploads\/2023\/10\/conoceme-sticker-1-2.png\" class=\"attachment-full size-full wp-image-1777\" alt=\"\" \/>\t\t\t\t\t\t\t\t\t\t\t\t\t\t\t<\/div>\n\t\t\t\t<\/div>\n\t\t\t\t<div class=\"elementor-element elementor-element-15ad8d6 elementor-absolute elementor-widget elementor-widget-image\" data-id=\"15ad8d6\" data-element_type=\"widget\" data-settings=\"{&quot;_position&quot;:&quot;absolute&quot;,&quot;motion_fx_motion_fx_scrolling&quot;:&quot;yes&quot;,&quot;motion_fx_rotateZ_affectedRange&quot;:{&quot;unit&quot;:&quot;%&quot;,&quot;size&quot;:&quot;&quot;,&quot;sizes&quot;:{&quot;start&quot;:7,&quot;end&quot;:94}},&quot;motion_fx_rotateZ_effect&quot;:&quot;yes&quot;,&quot;motion_fx_rotateZ_speed&quot;:{&quot;unit&quot;:&quot;px&quot;,&quot;size&quot;:1.2,&quot;sizes&quot;:[]},&quot;motion_fx_devices&quot;:[&quot;desktop&quot;,&quot;tablet&quot;,&quot;mobile&quot;]}\" data-widget_type=\"image.default\">\n\t\t\t\t<div class=\"elementor-widget-container\">\n\t\t\t\t\t\t\t\t\t\t\t\t\t\t\t<img decoding=\"async\" loading=\"lazy\" width=\"244\" height=\"244\" src=\"http:\/\/mamitacosbirrieria.com\/wp-content\/uploads\/2026\/01\/conoceme-sticker-2-ingles.svg\" class=\"attachment-medium size-medium wp-image-85\" alt=\"\" \/>\t\t\t\t\t\t\t\t\t\t\t\t\t\t\t<\/div>\n\t\t\t\t<\/div>\n\t\t\t\t<div class=\"elementor-element elementor-element-e3eb08d elementor-widget elementor-widget-image\" data-id=\"e3eb08d\" data-element_type=\"widget\" data-widget_type=\"image.default\">\n\t\t\t\t<div class=\"elementor-widget-container\">\n\t\t\t\t\t\t\t\t\t\t\t\t\t\t\t<img decoding=\"async\" loading=\"lazy\" width=\"465\" height=\"857\" src=\"https:\/\/mamitacosbirrieria.com\/wp-content\/uploads\/2023\/10\/Recurso-21-2.png\" class=\"attachment-large size-large wp-image-1184\" alt=\"\" srcset=\"https:\/\/mamitacosbirrieria.com\/wp-content\/uploads\/2023\/10\/Recurso-21-2.png 465w, https:\/\/mamitacosbirrieria.com\/wp-content\/uploads\/2023\/10\/Recurso-21-2-163x300.png 163w\" sizes=\"(max-width: 465px) 100vw, 465px\" \/>\t\t\t\t\t\t\t\t\t\t\t\t\t\t\t<\/div>\n\t\t\t\t<\/div>\n\t\t\t\t\t<\/div>\n\t\t\t\t<\/div>\n\t\t\t\t<\/div>\n\t\t\t\t\t<\/div>\n\t\t\t\t<\/div>\n\t\t\t\t<\/div>\n\t\t\t\t\t\t\t<\/div>","protected":false},"excerpt":{"rendered":"<p>De M\u00e9xico a Madrid, voy llegando para curar el alma y coraz\u00f3n con la receta original de la Mami. P\u00e1sele mijo \u00bftiene hambre?, pruebe que tengo lo mejor de dos mundos: taco y caldo.<\/p>","protected":false},"author":1,"featured_media":0,"parent":0,"menu_order":0,"comment_status":"closed","ping_status":"closed","template":"","meta":{"footnotes":""},"yoast_head":"<!-- This site is optimized with the Yoast SEO Premium plugin v21.3 (Yoast SEO v21.3) - https:\/\/yoast.com\/wordpress\/plugins\/seo\/ -->\n<title>Con\u00f3ceme - Mami Tacos<\/title>\n<meta name=\"robots\" content=\"index, follow, max-snippet:-1, max-image-preview:large, max-video-preview:-1\" \/>\n<link rel=\"canonical\" href=\"https:\/\/mamitacosbirrieria.com\/en\/conoceme\/\" \/>\n<meta property=\"og:locale\" content=\"en_US\" \/>\n<meta property=\"og:type\" content=\"article\" \/>\n<meta property=\"og:title\" content=\"Con\u00f3ceme\" \/>\n<meta property=\"og:description\" content=\"De M\u00e9xico a Madrid, voy llegando para curar el alma y coraz\u00f3n con la receta original de la Mami. P\u00e1sele mijo \u00bftiene hambre?, pruebe que tengo lo mejor de dos mundos: taco y caldo.\" \/>\n<meta property=\"og:url\" content=\"https:\/\/mamitacosbirrieria.com\/en\/conoceme\/\" \/>\n<meta property=\"og:site_name\" content=\"Mami Tacos\" \/>\n<meta property=\"article:modified_time\" content=\"2023-10-27T11:18:31+00:00\" \/>\n<meta property=\"og:image\" content=\"http:\/\/mamitacosbirrieria.com\/wp-content\/uploads\/2023\/10\/mami-ilustracion.svg\" \/>\n<meta name=\"twitter:card\" content=\"summary_large_image\" \/>\n<meta name=\"twitter:label1\" content=\"Est. reading time\" \/>\n\t<meta name=\"twitter:data1\" content=\"2 minutes\" \/>\n<script type=\"application\/ld+json\" class=\"yoast-schema-graph\">{\"@context\":\"https:\/\/schema.org\",\"@graph\":[{\"@type\":\"WebPage\",\"@id\":\"https:\/\/mamitacosbirrieria.com\/conoceme\/\",\"url\":\"https:\/\/mamitacosbirrieria.com\/conoceme\/\",\"name\":\"Con\u00f3ceme - Mami Tacos\",\"isPartOf\":{\"@id\":\"https:\/\/mamitacosbirrieria.com\/#website\"},\"datePublished\":\"2023-10-17T08:36:42+00:00\",\"dateModified\":\"2023-10-27T11:18:31+00:00\",\"breadcrumb\":{\"@id\":\"https:\/\/mamitacosbirrieria.com\/conoceme\/#breadcrumb\"},\"inLanguage\":\"en-US\",\"potentialAction\":[{\"@type\":\"ReadAction\",\"target\":[\"https:\/\/mamitacosbirrieria.com\/conoceme\/\"]}]},{\"@type\":\"BreadcrumbList\",\"@id\":\"https:\/\/mamitacosbirrieria.com\/conoceme\/#breadcrumb\",\"itemListElement\":[{\"@type\":\"ListItem\",\"position\":1,\"name\":\"Home\",\"item\":\"https:\/\/mamitacosbirrieria.com\/\"},{\"@type\":\"ListItem\",\"position\":2,\"name\":\"Con\u00f3ceme\"}]},{\"@type\":\"WebSite\",\"@id\":\"https:\/\/mamitacosbirrieria.com\/#website\",\"url\":\"https:\/\/mamitacosbirrieria.com\/\",\"name\":\"Mami Tacos\",\"description\":\"Birrieria\",\"publisher\":{\"@id\":\"https:\/\/mamitacosbirrieria.com\/#organization\"},\"potentialAction\":[{\"@type\":\"SearchAction\",\"target\":{\"@type\":\"EntryPoint\",\"urlTemplate\":\"https:\/\/mamitacosbirrieria.com\/?s={search_term_string}\"},\"query-input\":\"required name=search_term_string\"}],\"inLanguage\":\"en-US\"},{\"@type\":\"Organization\",\"@id\":\"https:\/\/mamitacosbirrieria.com\/#organization\",\"name\":\"Mami Tacos\",\"url\":\"https:\/\/mamitacosbirrieria.com\/\",\"logo\":{\"@type\":\"ImageObject\",\"inLanguage\":\"en-US\",\"@id\":\"https:\/\/mamitacosbirrieria.com\/#\/schema\/logo\/image\/\",\"url\":\"https:\/\/mamitacosbirrieria.com\/wp-content\/uploads\/2023\/10\/menu-bar-logo.svg\",\"contentUrl\":\"https:\/\/mamitacosbirrieria.com\/wp-content\/uploads\/2023\/10\/menu-bar-logo.svg\",\"width\":460,\"height\":47,\"caption\":\"Mami Tacos\"},\"image\":{\"@id\":\"https:\/\/mamitacosbirrieria.com\/#\/schema\/logo\/image\/\"},\"sameAs\":[\"https:\/\/www.instagram.com\/mamitacos_madrid\/?igshid=MzRlODBiNWFlZA\"]}]}<\/script>\n<!-- \/ Yoast SEO Premium plugin. -->","yoast_head_json":{"title":"Con\u00f3ceme - Mami Tacos","robots":{"index":"index","follow":"follow","max-snippet":"max-snippet:-1","max-image-preview":"max-image-preview:large","max-video-preview":"max-video-preview:-1"},"canonical":"https:\/\/mamitacosbirrieria.com\/en\/conoceme\/","og_locale":"en_US","og_type":"article","og_title":"Con\u00f3ceme","og_description":"De M\u00e9xico a Madrid, voy llegando para curar el alma y coraz\u00f3n con la receta original de la Mami. P\u00e1sele mijo \u00bftiene hambre?, pruebe que tengo lo mejor de dos mundos: taco y caldo.","og_url":"https:\/\/mamitacosbirrieria.com\/en\/conoceme\/","og_site_name":"Mami Tacos","article_modified_time":"2023-10-27T11:18:31+00:00","og_image":[{"url":"http:\/\/mamitacosbirrieria.com\/wp-content\/uploads\/2023\/10\/mami-ilustracion.svg"}],"twitter_card":"summary_large_image","twitter_misc":{"Est. reading time":"2 minutes"},"schema":{"@context":"https:\/\/schema.org","@graph":[{"@type":"WebPage","@id":"https:\/\/mamitacosbirrieria.com\/conoceme\/","url":"https:\/\/mamitacosbirrieria.com\/conoceme\/","name":"Con\u00f3ceme - Mami Tacos","isPartOf":{"@id":"https:\/\/mamitacosbirrieria.com\/#website"},"datePublished":"2023-10-17T08:36:42+00:00","dateModified":"2023-10-27T11:18:31+00:00","breadcrumb":{"@id":"https:\/\/mamitacosbirrieria.com\/conoceme\/#breadcrumb"},"inLanguage":"en-US","potentialAction":[{"@type":"ReadAction","target":["https:\/\/mamitacosbirrieria.com\/conoceme\/"]}]},{"@type":"BreadcrumbList","@id":"https:\/\/mamitacosbirrieria.com\/conoceme\/#breadcrumb","itemListElement":[{"@type":"ListItem","position":1,"name":"Home","item":"https:\/\/mamitacosbirrieria.com\/"},{"@type":"ListItem","position":2,"name":"Con\u00f3ceme"}]},{"@type":"WebSite","@id":"https:\/\/mamitacosbirrieria.com\/#website","url":"https:\/\/mamitacosbirrieria.com\/","name":"Mami Tacos","description":"Birrieria","publisher":{"@id":"https:\/\/mamitacosbirrieria.com\/#organization"},"potentialAction":[{"@type":"SearchAction","target":{"@type":"EntryPoint","urlTemplate":"https:\/\/mamitacosbirrieria.com\/?s={search_term_string}"},"query-input":"required name=search_term_string"}],"inLanguage":"en-US"},{"@type":"Organization","@id":"https:\/\/mamitacosbirrieria.com\/#organization","name":"Mami Tacos","url":"https:\/\/mamitacosbirrieria.com\/","logo":{"@type":"ImageObject","inLanguage":"en-US","@id":"https:\/\/mamitacosbirrieria.com\/#\/schema\/logo\/image\/","url":"https:\/\/mamitacosbirrieria.com\/wp-content\/uploads\/2023\/10\/menu-bar-logo.svg","contentUrl":"https:\/\/mamitacosbirrieria.com\/wp-content\/uploads\/2023\/10\/menu-bar-logo.svg","width":460,"height":47,"caption":"Mami Tacos"},"image":{"@id":"https:\/\/mamitacosbirrieria.com\/#\/schema\/logo\/image\/"},"sameAs":["https:\/\/www.instagram.com\/mamitacos_madrid\/?igshid=MzRlODBiNWFlZA"]}]}},"_links":{"self":[{"href":"https:\/\/mamitacosbirrieria.com\/en\/wp-json\/wp\/v2\/pages\/37"}],"collection":[{"href":"https:\/\/mamitacosbirrieria.com\/en\/wp-json\/wp\/v2\/pages"}],"about":[{"href":"https:\/\/mamitacosbirrieria.com\/en\/wp-json\/wp\/v2\/types\/page"}],"author":[{"embeddable":true,"href":"https:\/\/mamitacosbirrieria.com\/en\/wp-json\/wp\/v2\/users\/1"}],"replies":[{"embeddable":true,"href":"https:\/\/mamitacosbirrieria.com\/en\/wp-json\/wp\/v2\/comments?post=37"}],"version-history":[{"count":88,"href":"https:\/\/mamitacosbirrieria.com\/en\/wp-json\/wp\/v2\/pages\/37\/revisions"}],"predecessor-version":[{"id":1780,"href":"https:\/\/mamitacosbirrieria.com\/en\/wp-json\/wp\/v2\/pages\/37\/revisions\/1780"}],"wp:attachment":[{"href":"https:\/\/mamitacosbirrieria.com\/en\/wp-json\/wp\/v2\/media?parent=37"}],"curies":[{"name":"wp","href":"https:\/\/api.w.org\/{rel}","templated":true}]}}