{"id":1745,"date":"2023-10-26T15:16:35","date_gmt":"2023-10-26T13:16:35","guid":{"rendered":"http:\/\/mamitacosbirrieria.com\/?page_id=1745"},"modified":"2023-10-26T15:25:18","modified_gmt":"2023-10-26T13:25:18","slug":"politica-cookies","status":"publish","type":"page","link":"https:\/\/mamitacosbirrieria.com\/en\/politica-cookies\/","title":{"rendered":"politica cookies"},"content":{"rendered":"<div data-elementor-type=\"wp-page\" data-elementor-id=\"1745\" class=\"elementor elementor-1745\" data-elementor-post-type=\"page\">\n\t\t\t\t\t\t\t<div class=\"elementor-element elementor-element-23650aa e-con-full e-flex e-con e-parent\" data-id=\"23650aa\" data-element_type=\"container\" data-settings=\"{&quot;content_width&quot;:&quot;full&quot;,&quot;background_background&quot;:&quot;classic&quot;,&quot;container_type&quot;:&quot;flex&quot;}\" data-e-bg-lazyload=\"\" data-core-v316-plus=\"true\">\n\t\t<div class=\"elementor-element elementor-element-6be4a4c e-flex e-con-boxed e-con e-child\" data-id=\"6be4a4c\" data-element_type=\"container\" data-settings=\"{&quot;container_type&quot;:&quot;flex&quot;,&quot;content_width&quot;:&quot;boxed&quot;}\">\n\t\t\t\t\t<div class=\"e-con-inner\">\n\t\t\t\t<div class=\"elementor-element elementor-element-a26afc8 elementor-widget elementor-widget-heading\" data-id=\"a26afc8\" data-element_type=\"widget\" data-widget_type=\"heading.default\">\n\t\t\t\t<div class=\"elementor-widget-container\">\n\t\t\t<style>\/*! elementor - v3.16.0 - 20-09-2023 *\/\n.elementor-heading-title{padding:0;margin:0;line-height:1}.elementor-widget-heading .elementor-heading-title[class*=elementor-size-]>a{color:inherit;font-size:inherit;line-height:inherit}.elementor-widget-heading .elementor-heading-title.elementor-size-small{font-size:15px}.elementor-widget-heading .elementor-heading-title.elementor-size-medium{font-size:19px}.elementor-widget-heading .elementor-heading-title.elementor-size-large{font-size:29px}.elementor-widget-heading .elementor-heading-title.elementor-size-xl{font-size:39px}.elementor-widget-heading .elementor-heading-title.elementor-size-xxl{font-size:59px}<\/style><h2 class=\"elementor-heading-title elementor-size-default\">COOKIE POLICY<\/h2>\t\t<\/div>\n\t\t\t\t<\/div>\n\t\t\t\t<div class=\"elementor-element elementor-element-d01227b elementor-widget elementor-widget-text-editor\" data-id=\"d01227b\" data-element_type=\"widget\" data-widget_type=\"text-editor.default\">\n\t\t\t\t<div class=\"elementor-widget-container\">\n\t\t\t<style>\/*! elementor - v3.16.0 - 20-09-2023 *\/\n.elementor-widget-text-editor.elementor-drop-cap-view-stacked .elementor-drop-cap{background-color:#69727d;color:#fff}.elementor-widget-text-editor.elementor-drop-cap-view-framed .elementor-drop-cap{color:#69727d;border:3px solid;background-color:transparent}.elementor-widget-text-editor:not(.elementor-drop-cap-view-default) .elementor-drop-cap{margin-top:8px}.elementor-widget-text-editor:not(.elementor-drop-cap-view-default) .elementor-drop-cap-letter{width:1em;height:1em}.elementor-widget-text-editor .elementor-drop-cap{float:left;text-align:center;line-height:1;font-size:50px}.elementor-widget-text-editor .elementor-drop-cap-letter{display:inline-block}<\/style>\t\t\t\t<p><strong>What are cookies?<\/strong><br \/>This Cookie Policy explains what cookies are and how we use them, the types of cookies we use, that is, the information we collect through cookies and how that information is used, as well as how to manage your cookie settings.<br \/>Cookies are small text files that are used to store small pieces of information. They are stored on your device when the website is loaded in your browser. These cookies help us make the website function properly, make it more secure, provide a better user experience, and understand how the website performs in order to analyze what works and where it needs improvement.<\/p><p><br \/><strong>How do we use cookies?<\/strong><br \/>Like most online services, our website uses first-party and third-party cookies for various purposes. First-party cookies are mostly necessary for the website to function properly and do not collect any of your personally identifiable information.<br \/>The third-party cookies used on our website are mainly intended to understand how the website performs, how you interact with our website, to keep our services secure, to provide advertisements that are relevant to you, and overall to deliver a better and improved user experience, as well as to help speed up your future interactions with our website.<br \/>Types of cookies we use<br \/>Manage cookie preferences\nCookie Preferences\nYou can change your cookie preferences at any time by clicking the button above. This will allow you to revisit the cookie consent banner and change your preferences or withdraw your consent immediately.<br \/>In addition to this, different browsers provide different methods to block and delete cookies used by websites.<br \/>You can change your browser settings to block or delete cookies.<\/p><p><br \/><strong>Cookie Preferences<\/strong><br \/>Below are links to support documents on how to manage and delete cookies in the major web browsers.<\/p><p>Chrome: <a href=\"https:\/\/support.google.com\/accounts\/answer\/32050\" target=\"_blank\" rel=\"noopener\">https:\/\/support.google.com\/accounts\/answer\/32050<\/a><\/p><p>Safari: <a href=\"https:\/\/support.apple.com\/en-in\/guide\/safari\/sfri11471\/mac\" target=\"_blank\" rel=\"noopener\">https:\/\/support.apple.com\/en-in\/guide\/safari\/sfri11471\/mac<\/a><\/p><p>Firefox: <a href=\"https:\/\/support.mozilla.org\/en-US\/kb\/clear-cookies-and-site-data-firefox?redirectslug=delete-cookies-remove-info-websites-stored&amp;redirectlocale=en-US\" target=\"_blank\" rel=\"noopener\">https:\/\/support.mozilla.org\/en-US\/kb\/clear-cookies-and-site-data-firefox?redirectslug=delete-cookies-remove-info-websites-stored&amp;redirectlocale=en-US<\/a><\/p><p>Internet Explorer: <a href=\"https:\/\/support.microsoft.com\/en-us\/topic\/how-to-delete-cookie-files-in-internet-explorer-bca9446f-d873-78de-77ba-d42645fa52fc\" target=\"_blank\" rel=\"noopener\">https:\/\/support.microsoft.com\/en-us\/topic\/how-to-delete-cookie-files-in-internet-explorer-bca9446f-d873-78de-77ba-d42645fa52fc<\/a><\/p><p>If you are using any other web browser, please visit your browser\u2019s official support documentation.<br \/>Cookie Policy generated by CookieYes \u2013 Cookie Policy Generator.<\/p>\t\t\t\t\t\t<\/div>\n\t\t\t\t<\/div>\n\t\t\t\t<div class=\"elementor-element elementor-element-4a3d68f elementor-widget elementor-widget-image\" data-id=\"4a3d68f\" data-element_type=\"widget\" data-widget_type=\"image.default\">\n\t\t\t\t<div class=\"elementor-widget-container\">\n\t\t\t<style>\/*! elementor - v3.16.0 - 20-09-2023 *\/\n.elementor-widget-image{text-align:center}.elementor-widget-image a{display:inline-block}.elementor-widget-image a img[src$=\".svg\"]{width:48px}.elementor-widget-image img{vertical-align:middle;display:inline-block}<\/style>\t\t\t\t\t\t\t\t\t\t\t\t<img decoding=\"async\" loading=\"lazy\" width=\"222\" height=\"300\" src=\"https:\/\/mamitacosbirrieria.com\/wp-content\/uploads\/2023\/10\/mami-ilustracion.svg\" class=\"attachment-medium size-medium wp-image-94\" alt=\"\" \/>\t\t\t\t\t\t\t\t\t\t\t\t\t\t\t<\/div>\n\t\t\t\t<\/div>\n\t\t\t\t\t<\/div>\n\t\t\t\t<\/div>\n\t\t<div class=\"elementor-element elementor-element-f020357 e-flex e-con-boxed e-con e-child\" data-id=\"f020357\" data-element_type=\"container\" data-settings=\"{&quot;container_type&quot;:&quot;flex&quot;,&quot;content_width&quot;:&quot;boxed&quot;}\">\n\t\t\t\t\t<div class=\"e-con-inner\">\n\t\t\t\t\t<\/div>\n\t\t\t\t<\/div>\n\t\t\t\t<\/div>\n\t\t\t\t\t\t\t<\/div>","protected":false},"excerpt":{"rendered":"<p>POL\u00cdTICA DE COOKIES \u00bfQu\u00e9 son las cookies?Esta Pol\u00edtica de cookies explica qu\u00e9 son las cookies y c\u00f3mo las usamos, los tipos de cookies que usamos, es decir, la informaci\u00f3n que recopilamos usando cookies y c\u00f3mo se usa esa informaci\u00f3n, y c\u00f3mo administrar la configuraci\u00f3n de cookies.Las cookies son peque\u00f1os archivos de texto que se utilizan [&hellip;]<\/p>","protected":false},"author":1,"featured_media":0,"parent":0,"menu_order":0,"comment_status":"closed","ping_status":"closed","template":"","meta":{"footnotes":""},"yoast_head":"<!-- This site is optimized with the Yoast SEO Premium plugin v21.3 (Yoast SEO v21.3) - https:\/\/yoast.com\/wordpress\/plugins\/seo\/ -->\n<title>politica cookies - Mami Tacos<\/title>\n<meta name=\"robots\" content=\"index, follow, max-snippet:-1, max-image-preview:large, max-video-preview:-1\" \/>\n<link rel=\"canonical\" href=\"https:\/\/mamitacosbirrieria.com\/en\/politica-cookies\/\" \/>\n<meta property=\"og:locale\" content=\"en_US\" \/>\n<meta property=\"og:type\" content=\"article\" \/>\n<meta property=\"og:title\" content=\"politica cookies\" \/>\n<meta property=\"og:description\" content=\"POL\u00cdTICA DE COOKIES \u00bfQu\u00e9 son las cookies?Esta Pol\u00edtica de cookies explica qu\u00e9 son las cookies y c\u00f3mo las usamos, los tipos de cookies que usamos, es decir, la informaci\u00f3n que recopilamos usando cookies y c\u00f3mo se usa esa informaci\u00f3n, y c\u00f3mo administrar la configuraci\u00f3n de cookies.Las cookies son peque\u00f1os archivos de texto que se utilizan [&hellip;]\" \/>\n<meta property=\"og:url\" content=\"https:\/\/mamitacosbirrieria.com\/en\/politica-cookies\/\" \/>\n<meta property=\"og:site_name\" content=\"Mami Tacos\" \/>\n<meta property=\"article:modified_time\" content=\"2023-10-26T13:25:18+00:00\" \/>\n<meta property=\"og:image\" content=\"http:\/\/mamitacosbirrieria.com\/wp-content\/uploads\/2023\/10\/mami-ilustracion.svg\" \/>\n<meta name=\"twitter:card\" content=\"summary_large_image\" \/>\n<meta name=\"twitter:label1\" content=\"Est. reading time\" \/>\n\t<meta name=\"twitter:data1\" content=\"2 minutes\" \/>\n<script type=\"application\/ld+json\" class=\"yoast-schema-graph\">{\"@context\":\"https:\/\/schema.org\",\"@graph\":[{\"@type\":\"WebPage\",\"@id\":\"https:\/\/mamitacosbirrieria.com\/politica-cookies\/\",\"url\":\"https:\/\/mamitacosbirrieria.com\/politica-cookies\/\",\"name\":\"politica cookies - Mami Tacos\",\"isPartOf\":{\"@id\":\"https:\/\/mamitacosbirrieria.com\/#website\"},\"datePublished\":\"2023-10-26T13:16:35+00:00\",\"dateModified\":\"2023-10-26T13:25:18+00:00\",\"breadcrumb\":{\"@id\":\"https:\/\/mamitacosbirrieria.com\/politica-cookies\/#breadcrumb\"},\"inLanguage\":\"en-US\",\"potentialAction\":[{\"@type\":\"ReadAction\",\"target\":[\"https:\/\/mamitacosbirrieria.com\/politica-cookies\/\"]}]},{\"@type\":\"BreadcrumbList\",\"@id\":\"https:\/\/mamitacosbirrieria.com\/politica-cookies\/#breadcrumb\",\"itemListElement\":[{\"@type\":\"ListItem\",\"position\":1,\"name\":\"Home\",\"item\":\"https:\/\/mamitacosbirrieria.com\/\"},{\"@type\":\"ListItem\",\"position\":2,\"name\":\"politica cookies\"}]},{\"@type\":\"WebSite\",\"@id\":\"https:\/\/mamitacosbirrieria.com\/#website\",\"url\":\"https:\/\/mamitacosbirrieria.com\/\",\"name\":\"Mami Tacos\",\"description\":\"Birrieria\",\"publisher\":{\"@id\":\"https:\/\/mamitacosbirrieria.com\/#organization\"},\"potentialAction\":[{\"@type\":\"SearchAction\",\"target\":{\"@type\":\"EntryPoint\",\"urlTemplate\":\"https:\/\/mamitacosbirrieria.com\/?s={search_term_string}\"},\"query-input\":\"required name=search_term_string\"}],\"inLanguage\":\"en-US\"},{\"@type\":\"Organization\",\"@id\":\"https:\/\/mamitacosbirrieria.com\/#organization\",\"name\":\"Mami Tacos\",\"url\":\"https:\/\/mamitacosbirrieria.com\/\",\"logo\":{\"@type\":\"ImageObject\",\"inLanguage\":\"en-US\",\"@id\":\"https:\/\/mamitacosbirrieria.com\/#\/schema\/logo\/image\/\",\"url\":\"https:\/\/mamitacosbirrieria.com\/wp-content\/uploads\/2023\/10\/menu-bar-logo.svg\",\"contentUrl\":\"https:\/\/mamitacosbirrieria.com\/wp-content\/uploads\/2023\/10\/menu-bar-logo.svg\",\"width\":460,\"height\":47,\"caption\":\"Mami Tacos\"},\"image\":{\"@id\":\"https:\/\/mamitacosbirrieria.com\/#\/schema\/logo\/image\/\"},\"sameAs\":[\"https:\/\/www.instagram.com\/mamitacos_madrid\/?igshid=MzRlODBiNWFlZA\"]}]}<\/script>\n<!-- \/ Yoast SEO Premium plugin. -->","yoast_head_json":{"title":"politica cookies - Mami Tacos","robots":{"index":"index","follow":"follow","max-snippet":"max-snippet:-1","max-image-preview":"max-image-preview:large","max-video-preview":"max-video-preview:-1"},"canonical":"https:\/\/mamitacosbirrieria.com\/en\/politica-cookies\/","og_locale":"en_US","og_type":"article","og_title":"politica cookies","og_description":"POL\u00cdTICA DE COOKIES \u00bfQu\u00e9 son las cookies?Esta Pol\u00edtica de cookies explica qu\u00e9 son las cookies y c\u00f3mo las usamos, los tipos de cookies que usamos, es decir, la informaci\u00f3n que recopilamos usando cookies y c\u00f3mo se usa esa informaci\u00f3n, y c\u00f3mo administrar la configuraci\u00f3n de cookies.Las cookies son peque\u00f1os archivos de texto que se utilizan [&hellip;]","og_url":"https:\/\/mamitacosbirrieria.com\/en\/politica-cookies\/","og_site_name":"Mami Tacos","article_modified_time":"2023-10-26T13:25:18+00:00","og_image":[{"url":"http:\/\/mamitacosbirrieria.com\/wp-content\/uploads\/2023\/10\/mami-ilustracion.svg"}],"twitter_card":"summary_large_image","twitter_misc":{"Est. reading time":"2 minutes"},"schema":{"@context":"https:\/\/schema.org","@graph":[{"@type":"WebPage","@id":"https:\/\/mamitacosbirrieria.com\/politica-cookies\/","url":"https:\/\/mamitacosbirrieria.com\/politica-cookies\/","name":"politica cookies - Mami Tacos","isPartOf":{"@id":"https:\/\/mamitacosbirrieria.com\/#website"},"datePublished":"2023-10-26T13:16:35+00:00","dateModified":"2023-10-26T13:25:18+00:00","breadcrumb":{"@id":"https:\/\/mamitacosbirrieria.com\/politica-cookies\/#breadcrumb"},"inLanguage":"en-US","potentialAction":[{"@type":"ReadAction","target":["https:\/\/mamitacosbirrieria.com\/politica-cookies\/"]}]},{"@type":"BreadcrumbList","@id":"https:\/\/mamitacosbirrieria.com\/politica-cookies\/#breadcrumb","itemListElement":[{"@type":"ListItem","position":1,"name":"Home","item":"https:\/\/mamitacosbirrieria.com\/"},{"@type":"ListItem","position":2,"name":"politica cookies"}]},{"@type":"WebSite","@id":"https:\/\/mamitacosbirrieria.com\/#website","url":"https:\/\/mamitacosbirrieria.com\/","name":"Mami Tacos","description":"Birrieria","publisher":{"@id":"https:\/\/mamitacosbirrieria.com\/#organization"},"potentialAction":[{"@type":"SearchAction","target":{"@type":"EntryPoint","urlTemplate":"https:\/\/mamitacosbirrieria.com\/?s={search_term_string}"},"query-input":"required name=search_term_string"}],"inLanguage":"en-US"},{"@type":"Organization","@id":"https:\/\/mamitacosbirrieria.com\/#organization","name":"Mami Tacos","url":"https:\/\/mamitacosbirrieria.com\/","logo":{"@type":"ImageObject","inLanguage":"en-US","@id":"https:\/\/mamitacosbirrieria.com\/#\/schema\/logo\/image\/","url":"https:\/\/mamitacosbirrieria.com\/wp-content\/uploads\/2023\/10\/menu-bar-logo.svg","contentUrl":"https:\/\/mamitacosbirrieria.com\/wp-content\/uploads\/2023\/10\/menu-bar-logo.svg","width":460,"height":47,"caption":"Mami Tacos"},"image":{"@id":"https:\/\/mamitacosbirrieria.com\/#\/schema\/logo\/image\/"},"sameAs":["https:\/\/www.instagram.com\/mamitacos_madrid\/?igshid=MzRlODBiNWFlZA"]}]}},"_links":{"self":[{"href":"https:\/\/mamitacosbirrieria.com\/en\/wp-json\/wp\/v2\/pages\/1745"}],"collection":[{"href":"https:\/\/mamitacosbirrieria.com\/en\/wp-json\/wp\/v2\/pages"}],"about":[{"href":"https:\/\/mamitacosbirrieria.com\/en\/wp-json\/wp\/v2\/types\/page"}],"author":[{"embeddable":true,"href":"https:\/\/mamitacosbirrieria.com\/en\/wp-json\/wp\/v2\/users\/1"}],"replies":[{"embeddable":true,"href":"https:\/\/mamitacosbirrieria.com\/en\/wp-json\/wp\/v2\/comments?post=1745"}],"version-history":[{"count":13,"href":"https:\/\/mamitacosbirrieria.com\/en\/wp-json\/wp\/v2\/pages\/1745\/revisions"}],"predecessor-version":[{"id":1759,"href":"https:\/\/mamitacosbirrieria.com\/en\/wp-json\/wp\/v2\/pages\/1745\/revisions\/1759"}],"wp:attachment":[{"href":"https:\/\/mamitacosbirrieria.com\/en\/wp-json\/wp\/v2\/media?parent=1745"}],"curies":[{"name":"wp","href":"https:\/\/api.w.org\/{rel}","templated":true}]}}