{"id":1720,"date":"2023-10-26T14:48:47","date_gmt":"2023-10-26T12:48:47","guid":{"rendered":"http:\/\/mamitacosbirrieria.com\/?page_id=1720"},"modified":"2023-11-04T13:08:44","modified_gmt":"2023-11-04T12:08:44","slug":"aviso-legal","status":"publish","type":"page","link":"https:\/\/mamitacosbirrieria.com\/en\/aviso-legal\/","title":{"rendered":"Aviso legal"},"content":{"rendered":"<div data-elementor-type=\"wp-page\" data-elementor-id=\"1720\" class=\"elementor elementor-1720\" data-elementor-post-type=\"page\">\n\t\t\t\t\t\t\t<div class=\"elementor-element elementor-element-5ffabc2 e-con-full e-flex e-con e-parent\" data-id=\"5ffabc2\" data-element_type=\"container\" data-settings=\"{&quot;content_width&quot;:&quot;full&quot;,&quot;container_type&quot;:&quot;flex&quot;}\" data-e-bg-lazyload=\"\" data-core-v316-plus=\"true\">\n\t\t<div class=\"elementor-element elementor-element-2428250 e-flex e-con-boxed e-con e-child\" data-id=\"2428250\" data-element_type=\"container\" data-settings=\"{&quot;container_type&quot;:&quot;flex&quot;,&quot;content_width&quot;:&quot;boxed&quot;}\">\n\t\t\t\t\t<div class=\"e-con-inner\">\n\t\t\t\t<div class=\"elementor-element elementor-element-035fe85 elementor-widget elementor-widget-heading\" data-id=\"035fe85\" data-element_type=\"widget\" data-widget_type=\"heading.default\">\n\t\t\t\t<div class=\"elementor-widget-container\">\n\t\t\t<style>\/*! elementor - v3.16.0 - 20-09-2023 *\/\n.elementor-heading-title{padding:0;margin:0;line-height:1}.elementor-widget-heading .elementor-heading-title[class*=elementor-size-]>a{color:inherit;font-size:inherit;line-height:inherit}.elementor-widget-heading .elementor-heading-title.elementor-size-small{font-size:15px}.elementor-widget-heading .elementor-heading-title.elementor-size-medium{font-size:19px}.elementor-widget-heading .elementor-heading-title.elementor-size-large{font-size:29px}.elementor-widget-heading .elementor-heading-title.elementor-size-xl{font-size:39px}.elementor-widget-heading .elementor-heading-title.elementor-size-xxl{font-size:59px}<\/style><h2 class=\"elementor-heading-title elementor-size-default\">LEGAL NOTICE<\/h2>\t\t<\/div>\n\t\t\t\t<\/div>\n\t\t\t\t<div class=\"elementor-element elementor-element-bfd4fb5 elementor-widget elementor-widget-text-editor\" data-id=\"bfd4fb5\" data-element_type=\"widget\" data-widget_type=\"text-editor.default\">\n\t\t\t\t<div class=\"elementor-widget-container\">\n\t\t\t<style>\/*! elementor - v3.16.0 - 20-09-2023 *\/\n.elementor-widget-text-editor.elementor-drop-cap-view-stacked .elementor-drop-cap{background-color:#69727d;color:#fff}.elementor-widget-text-editor.elementor-drop-cap-view-framed .elementor-drop-cap{color:#69727d;border:3px solid;background-color:transparent}.elementor-widget-text-editor:not(.elementor-drop-cap-view-default) .elementor-drop-cap{margin-top:8px}.elementor-widget-text-editor:not(.elementor-drop-cap-view-default) .elementor-drop-cap-letter{width:1em;height:1em}.elementor-widget-text-editor .elementor-drop-cap{float:left;text-align:center;line-height:1;font-size:50px}.elementor-widget-text-editor .elementor-drop-cap-letter{display:inline-block}<\/style>\t\t\t\t<p>It is a pleasure for us to welcome you to our website. We hope you enjoy this visit, which we have carefully prepared with great attention to detail. We have put significant effort into the design of our site, and we also want you to know that providing transparency regarding the activities and services offered through our website is of great importance to us, as well as ensuring that they fully comply with current regulations.<\/p><p>**MAMI TACOS is the entity responsible for this website, and we would like you to know that, out of our own conviction and not merely because we are legally required to do so, we are committed to complying with current regulations. This includes data protection legislation; for this purpose, we refer you to our Privacy Policy and Cookie Policy, where you can see how we process and protect your personal data, as well as compliance with all other applicable legislation related to electronic contracting, including Law 34\/2002 of July 11 on Information Society Services and Electronic Commerce (LSSI-CE); Law 3\/2014 of March 27, the General Law for the Protection of Consumers and Users; Law 7\/1998 of April 13 on General Contracting Conditions; the Intellectual Property Law, among others.\n\nIn this regard, it is evident that we strictly comply with Law 34\/2002 of July 11 on Information Society Services and Electronic Commerce (LSSI-CE or LSSI). Therefore, below we provide the identifying details of MAMI TACOS, in accordance with the provisions of Article 10 of the aforementioned Law 34\/2002.**<\/p>\t\t\t\t\t\t<\/div>\n\t\t\t\t<\/div>\n\t\t\t\t<div class=\"elementor-element elementor-element-52db81a elementor-widget elementor-widget-image\" data-id=\"52db81a\" data-element_type=\"widget\" data-widget_type=\"image.default\">\n\t\t\t\t<div class=\"elementor-widget-container\">\n\t\t\t<style>\/*! elementor - v3.16.0 - 20-09-2023 *\/\n.elementor-widget-image{text-align:center}.elementor-widget-image a{display:inline-block}.elementor-widget-image a img[src$=\".svg\"]{width:48px}.elementor-widget-image img{vertical-align:middle;display:inline-block}<\/style>\t\t\t\t\t\t\t\t\t\t\t\t<img decoding=\"async\" loading=\"lazy\" width=\"222\" height=\"300\" src=\"https:\/\/mamitacosbirrieria.com\/wp-content\/uploads\/2023\/10\/mami-ilustracion.svg\" class=\"attachment-medium size-medium wp-image-94\" alt=\"\" \/>\t\t\t\t\t\t\t\t\t\t\t\t\t\t\t<\/div>\n\t\t\t\t<\/div>\n\t\t\t\t\t<\/div>\n\t\t\t\t<\/div>\n\t\t<div class=\"elementor-element elementor-element-ee979f9 e-flex e-con-boxed e-con e-child\" data-id=\"ee979f9\" data-element_type=\"container\" data-settings=\"{&quot;container_type&quot;:&quot;flex&quot;,&quot;content_width&quot;:&quot;boxed&quot;}\">\n\t\t\t\t\t<div class=\"e-con-inner\">\n\t\t\t\t\t<\/div>\n\t\t\t\t<\/div>\n\t\t\t\t<\/div>\n\t\t<div class=\"elementor-element elementor-element-f03a20e elementor-hidden-desktop elementor-hidden-tablet elementor-hidden-mobile e-flex e-con-boxed e-con e-parent\" data-id=\"f03a20e\" data-element_type=\"container\" data-settings=\"{&quot;container_type&quot;:&quot;flex&quot;,&quot;content_width&quot;:&quot;boxed&quot;}\" data-core-v316-plus=\"true\">\n\t\t\t\t\t<div class=\"e-con-inner\">\n\t\t\t\t<div class=\"elementor-element elementor-element-9c3dd57 elementor-widget elementor-widget-html\" data-id=\"9c3dd57\" data-element_type=\"widget\" data-widget_type=\"html.default\">\n\t\t\t\t<div class=\"elementor-widget-container\">\n\t\t\t<meta name=\"google-site-verification\" content=\"5oCZcj2gEbGs6SoaXmc_lA3zzXLxn6BTClXw-k20eBM\" \/>\t\t<\/div>\n\t\t\t\t<\/div>\n\t\t\t\t\t<\/div>\n\t\t\t\t<\/div>\n\t\t\t\t\t\t\t<\/div>","protected":false},"excerpt":{"rendered":"<p>AVISO LEGAL Es un placer para nosotros recibirte en vuestra website, esperando que sea de tu agrado esta visita que con tanto mimo hemos preparado para ti. Hemos trabajado mucho los dise\u00f1os de nuestra p\u00e1gina, pero tambi\u00e9n queremos que sepas que para nosotros es de gran inter\u00e9s proporcionarte transparencia sobre la actividad y servicios que [&hellip;]<\/p>","protected":false},"author":1,"featured_media":0,"parent":0,"menu_order":0,"comment_status":"closed","ping_status":"closed","template":"","meta":{"footnotes":""},"yoast_head":"<!-- This site is optimized with the Yoast SEO Premium plugin v21.3 (Yoast SEO v21.3) - https:\/\/yoast.com\/wordpress\/plugins\/seo\/ -->\n<title>Aviso legal - Mami Tacos<\/title>\n<meta name=\"robots\" content=\"index, follow, max-snippet:-1, max-image-preview:large, max-video-preview:-1\" \/>\n<link rel=\"canonical\" href=\"https:\/\/mamitacosbirrieria.com\/en\/aviso-legal\/\" \/>\n<meta property=\"og:locale\" content=\"en_US\" \/>\n<meta property=\"og:type\" content=\"article\" \/>\n<meta property=\"og:title\" content=\"Aviso legal\" \/>\n<meta property=\"og:description\" content=\"AVISO LEGAL Es un placer para nosotros recibirte en vuestra website, esperando que sea de tu agrado esta visita que con tanto mimo hemos preparado para ti. Hemos trabajado mucho los dise\u00f1os de nuestra p\u00e1gina, pero tambi\u00e9n queremos que sepas que para nosotros es de gran inter\u00e9s proporcionarte transparencia sobre la actividad y servicios que [&hellip;]\" \/>\n<meta property=\"og:url\" content=\"https:\/\/mamitacosbirrieria.com\/en\/aviso-legal\/\" \/>\n<meta property=\"og:site_name\" content=\"Mami Tacos\" \/>\n<meta property=\"article:modified_time\" content=\"2023-11-04T12:08:44+00:00\" \/>\n<meta property=\"og:image\" content=\"http:\/\/mamitacosbirrieria.com\/wp-content\/uploads\/2023\/10\/mami-ilustracion.svg\" \/>\n<meta name=\"twitter:card\" content=\"summary_large_image\" \/>\n<meta name=\"twitter:label1\" content=\"Est. reading time\" \/>\n\t<meta name=\"twitter:data1\" content=\"2 minutes\" \/>\n<script type=\"application\/ld+json\" class=\"yoast-schema-graph\">{\"@context\":\"https:\/\/schema.org\",\"@graph\":[{\"@type\":\"WebPage\",\"@id\":\"https:\/\/mamitacosbirrieria.com\/aviso-legal\/\",\"url\":\"https:\/\/mamitacosbirrieria.com\/aviso-legal\/\",\"name\":\"Aviso legal - Mami Tacos\",\"isPartOf\":{\"@id\":\"https:\/\/mamitacosbirrieria.com\/#website\"},\"datePublished\":\"2023-10-26T12:48:47+00:00\",\"dateModified\":\"2023-11-04T12:08:44+00:00\",\"breadcrumb\":{\"@id\":\"https:\/\/mamitacosbirrieria.com\/aviso-legal\/#breadcrumb\"},\"inLanguage\":\"en-US\",\"potentialAction\":[{\"@type\":\"ReadAction\",\"target\":[\"https:\/\/mamitacosbirrieria.com\/aviso-legal\/\"]}]},{\"@type\":\"BreadcrumbList\",\"@id\":\"https:\/\/mamitacosbirrieria.com\/aviso-legal\/#breadcrumb\",\"itemListElement\":[{\"@type\":\"ListItem\",\"position\":1,\"name\":\"Home\",\"item\":\"https:\/\/mamitacosbirrieria.com\/\"},{\"@type\":\"ListItem\",\"position\":2,\"name\":\"Aviso legal\"}]},{\"@type\":\"WebSite\",\"@id\":\"https:\/\/mamitacosbirrieria.com\/#website\",\"url\":\"https:\/\/mamitacosbirrieria.com\/\",\"name\":\"Mami Tacos\",\"description\":\"Birrieria\",\"publisher\":{\"@id\":\"https:\/\/mamitacosbirrieria.com\/#organization\"},\"potentialAction\":[{\"@type\":\"SearchAction\",\"target\":{\"@type\":\"EntryPoint\",\"urlTemplate\":\"https:\/\/mamitacosbirrieria.com\/?s={search_term_string}\"},\"query-input\":\"required name=search_term_string\"}],\"inLanguage\":\"en-US\"},{\"@type\":\"Organization\",\"@id\":\"https:\/\/mamitacosbirrieria.com\/#organization\",\"name\":\"Mami Tacos\",\"url\":\"https:\/\/mamitacosbirrieria.com\/\",\"logo\":{\"@type\":\"ImageObject\",\"inLanguage\":\"en-US\",\"@id\":\"https:\/\/mamitacosbirrieria.com\/#\/schema\/logo\/image\/\",\"url\":\"https:\/\/mamitacosbirrieria.com\/wp-content\/uploads\/2023\/10\/menu-bar-logo.svg\",\"contentUrl\":\"https:\/\/mamitacosbirrieria.com\/wp-content\/uploads\/2023\/10\/menu-bar-logo.svg\",\"width\":460,\"height\":47,\"caption\":\"Mami Tacos\"},\"image\":{\"@id\":\"https:\/\/mamitacosbirrieria.com\/#\/schema\/logo\/image\/\"},\"sameAs\":[\"https:\/\/www.instagram.com\/mamitacos_madrid\/?igshid=MzRlODBiNWFlZA\"]}]}<\/script>\n<!-- \/ Yoast SEO Premium plugin. -->","yoast_head_json":{"title":"Aviso legal - Mami Tacos","robots":{"index":"index","follow":"follow","max-snippet":"max-snippet:-1","max-image-preview":"max-image-preview:large","max-video-preview":"max-video-preview:-1"},"canonical":"https:\/\/mamitacosbirrieria.com\/en\/aviso-legal\/","og_locale":"en_US","og_type":"article","og_title":"Aviso legal","og_description":"AVISO LEGAL Es un placer para nosotros recibirte en vuestra website, esperando que sea de tu agrado esta visita que con tanto mimo hemos preparado para ti. Hemos trabajado mucho los dise\u00f1os de nuestra p\u00e1gina, pero tambi\u00e9n queremos que sepas que para nosotros es de gran inter\u00e9s proporcionarte transparencia sobre la actividad y servicios que [&hellip;]","og_url":"https:\/\/mamitacosbirrieria.com\/en\/aviso-legal\/","og_site_name":"Mami Tacos","article_modified_time":"2023-11-04T12:08:44+00:00","og_image":[{"url":"http:\/\/mamitacosbirrieria.com\/wp-content\/uploads\/2023\/10\/mami-ilustracion.svg"}],"twitter_card":"summary_large_image","twitter_misc":{"Est. reading time":"2 minutes"},"schema":{"@context":"https:\/\/schema.org","@graph":[{"@type":"WebPage","@id":"https:\/\/mamitacosbirrieria.com\/aviso-legal\/","url":"https:\/\/mamitacosbirrieria.com\/aviso-legal\/","name":"Aviso legal - Mami Tacos","isPartOf":{"@id":"https:\/\/mamitacosbirrieria.com\/#website"},"datePublished":"2023-10-26T12:48:47+00:00","dateModified":"2023-11-04T12:08:44+00:00","breadcrumb":{"@id":"https:\/\/mamitacosbirrieria.com\/aviso-legal\/#breadcrumb"},"inLanguage":"en-US","potentialAction":[{"@type":"ReadAction","target":["https:\/\/mamitacosbirrieria.com\/aviso-legal\/"]}]},{"@type":"BreadcrumbList","@id":"https:\/\/mamitacosbirrieria.com\/aviso-legal\/#breadcrumb","itemListElement":[{"@type":"ListItem","position":1,"name":"Home","item":"https:\/\/mamitacosbirrieria.com\/"},{"@type":"ListItem","position":2,"name":"Aviso legal"}]},{"@type":"WebSite","@id":"https:\/\/mamitacosbirrieria.com\/#website","url":"https:\/\/mamitacosbirrieria.com\/","name":"Mami Tacos","description":"Birrieria","publisher":{"@id":"https:\/\/mamitacosbirrieria.com\/#organization"},"potentialAction":[{"@type":"SearchAction","target":{"@type":"EntryPoint","urlTemplate":"https:\/\/mamitacosbirrieria.com\/?s={search_term_string}"},"query-input":"required name=search_term_string"}],"inLanguage":"en-US"},{"@type":"Organization","@id":"https:\/\/mamitacosbirrieria.com\/#organization","name":"Mami Tacos","url":"https:\/\/mamitacosbirrieria.com\/","logo":{"@type":"ImageObject","inLanguage":"en-US","@id":"https:\/\/mamitacosbirrieria.com\/#\/schema\/logo\/image\/","url":"https:\/\/mamitacosbirrieria.com\/wp-content\/uploads\/2023\/10\/menu-bar-logo.svg","contentUrl":"https:\/\/mamitacosbirrieria.com\/wp-content\/uploads\/2023\/10\/menu-bar-logo.svg","width":460,"height":47,"caption":"Mami Tacos"},"image":{"@id":"https:\/\/mamitacosbirrieria.com\/#\/schema\/logo\/image\/"},"sameAs":["https:\/\/www.instagram.com\/mamitacos_madrid\/?igshid=MzRlODBiNWFlZA"]}]}},"_links":{"self":[{"href":"https:\/\/mamitacosbirrieria.com\/en\/wp-json\/wp\/v2\/pages\/1720"}],"collection":[{"href":"https:\/\/mamitacosbirrieria.com\/en\/wp-json\/wp\/v2\/pages"}],"about":[{"href":"https:\/\/mamitacosbirrieria.com\/en\/wp-json\/wp\/v2\/types\/page"}],"author":[{"embeddable":true,"href":"https:\/\/mamitacosbirrieria.com\/en\/wp-json\/wp\/v2\/users\/1"}],"replies":[{"embeddable":true,"href":"https:\/\/mamitacosbirrieria.com\/en\/wp-json\/wp\/v2\/comments?post=1720"}],"version-history":[{"count":25,"href":"https:\/\/mamitacosbirrieria.com\/en\/wp-json\/wp\/v2\/pages\/1720\/revisions"}],"predecessor-version":[{"id":1820,"href":"https:\/\/mamitacosbirrieria.com\/en\/wp-json\/wp\/v2\/pages\/1720\/revisions\/1820"}],"wp:attachment":[{"href":"https:\/\/mamitacosbirrieria.com\/en\/wp-json\/wp\/v2\/media?parent=1720"}],"curies":[{"name":"wp","href":"https:\/\/api.w.org\/{rel}","templated":true}]}}